{"id":35150,"date":"2024-10-24T08:53:20","date_gmt":"2024-10-24T11:53:20","guid":{"rendered":"http:\/\/chocolatedailha.com.br\/novosite\/?post_type=product&#038;p=35150"},"modified":"2024-10-24T09:29:44","modified_gmt":"2024-10-24T12:29:44","slug":"amendoa-chocolate-70","status":"publish","type":"product","link":"https:\/\/chocolatedailha.com.br\/novosite\/product\/amendoa-chocolate-70\/","title":{"rendered":"Drageado AM\u00caNDOA 70% cacau &#8211; VEGANO"},"content":{"rendered":"","protected":false},"excerpt":{"rendered":"<p>Dr\u00e1geas de am\u00eandoa com chocolate 70% cacau <\/p>\n<p>\u2022 Sem Gl\u00faten<br \/>\n\u2022 Sem lactose<br \/>\n\u2022 Vegano<\/p>\n","protected":false},"featured_media":35147,"template":"","meta":[],"product_brand":[],"product_cat":[179],"product_tag":[],"class_list":{"0":"post-35150","1":"product","2":"type-product","3":"status-publish","4":"has-post-thumbnail","6":"product_cat-drageados","8":"first","9":"instock","10":"sold-individually","11":"shipping-taxable","12":"purchasable","13":"product-type-simple"},"_links":{"self":[{"href":"https:\/\/chocolatedailha.com.br\/novosite\/wp-json\/wp\/v2\/product\/35150","targetHints":{"allow":["GET"]}}],"collection":[{"href":"https:\/\/chocolatedailha.com.br\/novosite\/wp-json\/wp\/v2\/product"}],"about":[{"href":"https:\/\/chocolatedailha.com.br\/novosite\/wp-json\/wp\/v2\/types\/product"}],"wp:featuredmedia":[{"embeddable":true,"href":"https:\/\/chocolatedailha.com.br\/novosite\/wp-json\/wp\/v2\/media\/35147"}],"wp:attachment":[{"href":"https:\/\/chocolatedailha.com.br\/novosite\/wp-json\/wp\/v2\/media?parent=35150"}],"wp:term":[{"taxonomy":"product_brand","embeddable":true,"href":"https:\/\/chocolatedailha.com.br\/novosite\/wp-json\/wp\/v2\/product_brand?post=35150"},{"taxonomy":"product_cat","embeddable":true,"href":"https:\/\/chocolatedailha.com.br\/novosite\/wp-json\/wp\/v2\/product_cat?post=35150"},{"taxonomy":"product_tag","embeddable":true,"href":"https:\/\/chocolatedailha.com.br\/novosite\/wp-json\/wp\/v2\/product_tag?post=35150"}],"curies":[{"name":"wp","href":"https:\/\/api.w.org\/{rel}","templated":true}]}}