{"id":35169,"date":"2024-08-26T11:37:16","date_gmt":"2024-08-26T14:37:16","guid":{"rendered":"http:\/\/chocolatedailha.com.br\/novosite\/?post_type=product&#038;p=35169"},"modified":"2024-10-22T12:13:32","modified_gmt":"2024-10-22T15:13:32","slug":"barra-70-zero-acucar-c-stevia","status":"publish","type":"product","link":"https:\/\/chocolatedailha.com.br\/novosite\/product\/barra-70-zero-acucar-c-stevia\/","title":{"rendered":"Barra 70% Zero A\u00e7\u00facar c\/ St\u00e9via"},"content":{"rendered":"","protected":false},"excerpt":{"rendered":"<p>Chocolate amargo 70% cacau ZERO a\u00e7\u00facar ado\u00e7ado com Stevia.<br \/>\n\u2022 Sem gl\u00faten<br \/>\n\u2022 Sem leite<br \/>\n\u2022 Sem a\u00e7\u00facar<br \/>\n\u2022 Vegano<br \/>\n\u2022 Feito \u00e0 m\u00e3o <\/p>\n","protected":false},"featured_media":35158,"template":"","meta":[],"product_brand":[],"product_cat":[263],"product_tag":[],"class_list":{"0":"post-35169","1":"product","2":"type-product","3":"status-publish","4":"has-post-thumbnail","6":"product_cat-barras-100g","8":"first","9":"instock","10":"sold-individually","11":"shipping-taxable","12":"purchasable","13":"product-type-simple"},"_links":{"self":[{"href":"https:\/\/chocolatedailha.com.br\/novosite\/wp-json\/wp\/v2\/product\/35169","targetHints":{"allow":["GET"]}}],"collection":[{"href":"https:\/\/chocolatedailha.com.br\/novosite\/wp-json\/wp\/v2\/product"}],"about":[{"href":"https:\/\/chocolatedailha.com.br\/novosite\/wp-json\/wp\/v2\/types\/product"}],"wp:featuredmedia":[{"embeddable":true,"href":"https:\/\/chocolatedailha.com.br\/novosite\/wp-json\/wp\/v2\/media\/35158"}],"wp:attachment":[{"href":"https:\/\/chocolatedailha.com.br\/novosite\/wp-json\/wp\/v2\/media?parent=35169"}],"wp:term":[{"taxonomy":"product_brand","embeddable":true,"href":"https:\/\/chocolatedailha.com.br\/novosite\/wp-json\/wp\/v2\/product_brand?post=35169"},{"taxonomy":"product_cat","embeddable":true,"href":"https:\/\/chocolatedailha.com.br\/novosite\/wp-json\/wp\/v2\/product_cat?post=35169"},{"taxonomy":"product_tag","embeddable":true,"href":"https:\/\/chocolatedailha.com.br\/novosite\/wp-json\/wp\/v2\/product_tag?post=35169"}],"curies":[{"name":"wp","href":"https:\/\/api.w.org\/{rel}","templated":true}]}}