{"id":35179,"date":"2024-10-22T12:27:29","date_gmt":"2024-10-22T15:27:29","guid":{"rendered":"http:\/\/chocolatedailha.com.br\/novosite\/?post_type=product&#038;p=35179"},"modified":"2024-10-22T12:56:06","modified_gmt":"2024-10-22T15:56:06","slug":"lasca-chocolate-branco","status":"publish","type":"product","link":"https:\/\/chocolatedailha.com.br\/novosite\/product\/lasca-chocolate-branco\/","title":{"rendered":"Lasca chocolate Branco LACFREE"},"content":{"rendered":"","protected":false},"excerpt":{"rendered":"<p>Lascas de chocolate Branco Zero a\u00e7\u00facar ado\u00e7ado com Stevia.<\/p>\n<p>\u2022 N\u00e3o cont\u00e9m lactose<br \/>\n\u2022 cont\u00e9m leite<\/p>\n","protected":false},"featured_media":35181,"template":"","meta":[],"product_brand":[],"product_cat":[182],"product_tag":[],"class_list":{"0":"post-35179","1":"product","2":"type-product","3":"status-publish","4":"has-post-thumbnail","6":"product_cat-lascas","8":"first","9":"instock","10":"sold-individually","11":"shipping-taxable","12":"purchasable","13":"product-type-simple"},"_links":{"self":[{"href":"https:\/\/chocolatedailha.com.br\/novosite\/wp-json\/wp\/v2\/product\/35179","targetHints":{"allow":["GET"]}}],"collection":[{"href":"https:\/\/chocolatedailha.com.br\/novosite\/wp-json\/wp\/v2\/product"}],"about":[{"href":"https:\/\/chocolatedailha.com.br\/novosite\/wp-json\/wp\/v2\/types\/product"}],"wp:featuredmedia":[{"embeddable":true,"href":"https:\/\/chocolatedailha.com.br\/novosite\/wp-json\/wp\/v2\/media\/35181"}],"wp:attachment":[{"href":"https:\/\/chocolatedailha.com.br\/novosite\/wp-json\/wp\/v2\/media?parent=35179"}],"wp:term":[{"taxonomy":"product_brand","embeddable":true,"href":"https:\/\/chocolatedailha.com.br\/novosite\/wp-json\/wp\/v2\/product_brand?post=35179"},{"taxonomy":"product_cat","embeddable":true,"href":"https:\/\/chocolatedailha.com.br\/novosite\/wp-json\/wp\/v2\/product_cat?post=35179"},{"taxonomy":"product_tag","embeddable":true,"href":"https:\/\/chocolatedailha.com.br\/novosite\/wp-json\/wp\/v2\/product_tag?post=35179"}],"curies":[{"name":"wp","href":"https:\/\/api.w.org\/{rel}","templated":true}]}}