{"id":35210,"date":"2024-10-22T15:08:52","date_gmt":"2024-10-22T18:08:52","guid":{"rendered":"http:\/\/chocolatedailha.com.br\/novosite\/?post_type=product&#038;p=35210"},"modified":"2024-10-22T15:10:48","modified_gmt":"2024-10-22T18:10:48","slug":"barrinha-50-zero-acucar-com-stevia","status":"publish","type":"product","link":"https:\/\/chocolatedailha.com.br\/novosite\/product\/barrinha-50-zero-acucar-com-stevia\/","title":{"rendered":"Barrinha 50% Zero A\u00e7\u00facar com Stevia"},"content":{"rendered":"","protected":false},"excerpt":{"rendered":"<p>Chocolate meio amargo 50% cacau ZERO A\u00e7\u00facar ado\u00e7ado com Stevia.<br \/>\n\u2022 Sem gl\u00faten<br \/>\n\u2022 Sem leite<br \/>\n\u2022 Sem A\u00e7\u00facar<br \/>\n\u2022 Vegano<br \/>\n\u2022 Feito \u00e0 m\u00e3o <\/p>\n","protected":false},"featured_media":35208,"template":"","meta":[],"product_brand":[],"product_cat":[264],"product_tag":[],"class_list":{"0":"post-35210","1":"product","2":"type-product","3":"status-publish","4":"has-post-thumbnail","6":"product_cat-barrinhas-27g","8":"first","9":"instock","10":"sold-individually","11":"shipping-taxable","12":"purchasable","13":"product-type-simple"},"_links":{"self":[{"href":"https:\/\/chocolatedailha.com.br\/novosite\/wp-json\/wp\/v2\/product\/35210","targetHints":{"allow":["GET"]}}],"collection":[{"href":"https:\/\/chocolatedailha.com.br\/novosite\/wp-json\/wp\/v2\/product"}],"about":[{"href":"https:\/\/chocolatedailha.com.br\/novosite\/wp-json\/wp\/v2\/types\/product"}],"wp:featuredmedia":[{"embeddable":true,"href":"https:\/\/chocolatedailha.com.br\/novosite\/wp-json\/wp\/v2\/media\/35208"}],"wp:attachment":[{"href":"https:\/\/chocolatedailha.com.br\/novosite\/wp-json\/wp\/v2\/media?parent=35210"}],"wp:term":[{"taxonomy":"product_brand","embeddable":true,"href":"https:\/\/chocolatedailha.com.br\/novosite\/wp-json\/wp\/v2\/product_brand?post=35210"},{"taxonomy":"product_cat","embeddable":true,"href":"https:\/\/chocolatedailha.com.br\/novosite\/wp-json\/wp\/v2\/product_cat?post=35210"},{"taxonomy":"product_tag","embeddable":true,"href":"https:\/\/chocolatedailha.com.br\/novosite\/wp-json\/wp\/v2\/product_tag?post=35210"}],"curies":[{"name":"wp","href":"https:\/\/api.w.org\/{rel}","templated":true}]}}