{"id":35244,"date":"2024-10-23T10:29:05","date_gmt":"2024-10-23T13:29:05","guid":{"rendered":"http:\/\/chocolatedailha.com.br\/novosite\/?post_type=product&#038;p=35244"},"modified":"2024-10-23T10:30:43","modified_gmt":"2024-10-23T13:30:43","slug":"bombom-chocolate-50-zero-acucar-com-stevia","status":"publish","type":"product","link":"https:\/\/chocolatedailha.com.br\/novosite\/product\/bombom-chocolate-50-zero-acucar-com-stevia\/","title":{"rendered":"Bombom chocolate 50% ZERO a\u00e7\u00facar com stevia"},"content":{"rendered":"","protected":false},"excerpt":{"rendered":"<p>BOMBOM TIPO ALPINO ZERO A\u00c7\u00daCAR 50%- peso por unidade: 13g &#8211; (sem a\u00e7\u00facar ado\u00e7ado com st\u00e9via) (embalagem vermelha)<\/p>\n<p>\u2022 Sem gl\u00faten<br \/>\n\u2022 Sem lactose<br \/>\n\u2022 Sem a\u00e7\u00facar<br \/>\n\u2022 Feito \u00e0 m\u00e3o <\/p>\n","protected":false},"featured_media":35242,"template":"","meta":[],"product_brand":[],"product_cat":[267],"product_tag":[],"class_list":{"0":"post-35244","1":"product","2":"type-product","3":"status-publish","4":"has-post-thumbnail","6":"product_cat-bombom","8":"first","9":"instock","10":"sold-individually","11":"shipping-taxable","12":"purchasable","13":"product-type-simple"},"_links":{"self":[{"href":"https:\/\/chocolatedailha.com.br\/novosite\/wp-json\/wp\/v2\/product\/35244","targetHints":{"allow":["GET"]}}],"collection":[{"href":"https:\/\/chocolatedailha.com.br\/novosite\/wp-json\/wp\/v2\/product"}],"about":[{"href":"https:\/\/chocolatedailha.com.br\/novosite\/wp-json\/wp\/v2\/types\/product"}],"wp:featuredmedia":[{"embeddable":true,"href":"https:\/\/chocolatedailha.com.br\/novosite\/wp-json\/wp\/v2\/media\/35242"}],"wp:attachment":[{"href":"https:\/\/chocolatedailha.com.br\/novosite\/wp-json\/wp\/v2\/media?parent=35244"}],"wp:term":[{"taxonomy":"product_brand","embeddable":true,"href":"https:\/\/chocolatedailha.com.br\/novosite\/wp-json\/wp\/v2\/product_brand?post=35244"},{"taxonomy":"product_cat","embeddable":true,"href":"https:\/\/chocolatedailha.com.br\/novosite\/wp-json\/wp\/v2\/product_cat?post=35244"},{"taxonomy":"product_tag","embeddable":true,"href":"https:\/\/chocolatedailha.com.br\/novosite\/wp-json\/wp\/v2\/product_tag?post=35244"}],"curies":[{"name":"wp","href":"https:\/\/api.w.org\/{rel}","templated":true}]}}