{"id":35246,"date":"2024-10-23T10:59:22","date_gmt":"2024-10-23T13:59:22","guid":{"rendered":"http:\/\/chocolatedailha.com.br\/novosite\/?post_type=product&#038;p=35246"},"modified":"2024-10-23T11:04:42","modified_gmt":"2024-10-23T14:04:42","slug":"pouche-cafe-70","status":"publish","type":"product","link":"https:\/\/chocolatedailha.com.br\/novosite\/product\/pouche-cafe-70\/","title":{"rendered":"Pouche Caf\u00e9 70%"},"content":{"rendered":"","protected":false},"excerpt":{"rendered":"<p>Drageado gr\u00e3os de caf\u00e9 cobertos com chocolate 70% cacau<\/p>\n<p>\u2022 Sem gl\u00faten<br \/>\n\u2022 Sem lactose<br \/>\n\u2022 Vegano<\/p>\n","protected":false},"featured_media":35250,"template":"","meta":[],"product_brand":[],"product_cat":[268],"product_tag":[],"class_list":{"0":"post-35246","1":"product","2":"type-product","3":"status-publish","4":"has-post-thumbnail","6":"product_cat-pouche","8":"first","9":"instock","10":"sold-individually","11":"shipping-taxable","12":"purchasable","13":"product-type-simple"},"_links":{"self":[{"href":"https:\/\/chocolatedailha.com.br\/novosite\/wp-json\/wp\/v2\/product\/35246","targetHints":{"allow":["GET"]}}],"collection":[{"href":"https:\/\/chocolatedailha.com.br\/novosite\/wp-json\/wp\/v2\/product"}],"about":[{"href":"https:\/\/chocolatedailha.com.br\/novosite\/wp-json\/wp\/v2\/types\/product"}],"wp:featuredmedia":[{"embeddable":true,"href":"https:\/\/chocolatedailha.com.br\/novosite\/wp-json\/wp\/v2\/media\/35250"}],"wp:attachment":[{"href":"https:\/\/chocolatedailha.com.br\/novosite\/wp-json\/wp\/v2\/media?parent=35246"}],"wp:term":[{"taxonomy":"product_brand","embeddable":true,"href":"https:\/\/chocolatedailha.com.br\/novosite\/wp-json\/wp\/v2\/product_brand?post=35246"},{"taxonomy":"product_cat","embeddable":true,"href":"https:\/\/chocolatedailha.com.br\/novosite\/wp-json\/wp\/v2\/product_cat?post=35246"},{"taxonomy":"product_tag","embeddable":true,"href":"https:\/\/chocolatedailha.com.br\/novosite\/wp-json\/wp\/v2\/product_tag?post=35246"}],"curies":[{"name":"wp","href":"https:\/\/api.w.org\/{rel}","templated":true}]}}