{"id":35270,"date":"2024-10-23T12:08:04","date_gmt":"2024-10-23T15:08:04","guid":{"rendered":"http:\/\/chocolatedailha.com.br\/novosite\/?post_type=product&#038;p=35270"},"modified":"2024-10-23T14:04:09","modified_gmt":"2024-10-23T17:04:09","slug":"gotas-chocolate-70-zero-acucar-com-stevia","status":"publish","type":"product","link":"https:\/\/chocolatedailha.com.br\/novosite\/product\/gotas-chocolate-70-zero-acucar-com-stevia\/","title":{"rendered":"Gotas chocolate 70% ZERO a\u00e7\u00facar com stevia"},"content":{"rendered":"","protected":false},"excerpt":{"rendered":"<p>Gotas de chocolate ZERO A\u00c7\u00daCAR 70% CACAU (sem a\u00e7\u00facar ado\u00e7ado com St\u00e9via)<\/p>\n<p>\u2022 Sem A\u00e7\u00facar<br \/>\n\u2022 Sem Gl\u00faten<br \/>\n\u2022 Sem lactose<br \/>\n\u2022 Vegano<\/p>\n","protected":false},"featured_media":35267,"template":"","meta":[],"product_brand":[],"product_cat":[188],"product_tag":[],"class_list":{"0":"post-35270","1":"product","2":"type-product","3":"status-publish","4":"has-post-thumbnail","6":"product_cat-gotas","8":"first","9":"instock","10":"sold-individually","11":"shipping-taxable","12":"purchasable","13":"product-type-simple"},"_links":{"self":[{"href":"https:\/\/chocolatedailha.com.br\/novosite\/wp-json\/wp\/v2\/product\/35270","targetHints":{"allow":["GET"]}}],"collection":[{"href":"https:\/\/chocolatedailha.com.br\/novosite\/wp-json\/wp\/v2\/product"}],"about":[{"href":"https:\/\/chocolatedailha.com.br\/novosite\/wp-json\/wp\/v2\/types\/product"}],"wp:featuredmedia":[{"embeddable":true,"href":"https:\/\/chocolatedailha.com.br\/novosite\/wp-json\/wp\/v2\/media\/35267"}],"wp:attachment":[{"href":"https:\/\/chocolatedailha.com.br\/novosite\/wp-json\/wp\/v2\/media?parent=35270"}],"wp:term":[{"taxonomy":"product_brand","embeddable":true,"href":"https:\/\/chocolatedailha.com.br\/novosite\/wp-json\/wp\/v2\/product_brand?post=35270"},{"taxonomy":"product_cat","embeddable":true,"href":"https:\/\/chocolatedailha.com.br\/novosite\/wp-json\/wp\/v2\/product_cat?post=35270"},{"taxonomy":"product_tag","embeddable":true,"href":"https:\/\/chocolatedailha.com.br\/novosite\/wp-json\/wp\/v2\/product_tag?post=35270"}],"curies":[{"name":"wp","href":"https:\/\/api.w.org\/{rel}","templated":true}]}}