{"id":35299,"date":"2024-10-23T15:26:58","date_gmt":"2024-10-23T18:26:58","guid":{"rendered":"http:\/\/chocolatedailha.com.br\/novosite\/?post_type=product&#038;p=35299"},"modified":"2024-10-23T15:28:17","modified_gmt":"2024-10-23T18:28:17","slug":"tableta-chocolate-70-amendoa-avela-coco-queimado-e-uva-branca","status":"publish","type":"product","link":"https:\/\/chocolatedailha.com.br\/novosite\/product\/tableta-chocolate-70-amendoa-avela-coco-queimado-e-uva-branca\/","title":{"rendered":"Tableta Chocolate 70% + am\u00eandoa, avel\u00e3, coco queimado e uva branca"},"content":{"rendered":"","protected":false},"excerpt":{"rendered":"<p>Chocolate 70% + am\u00eandoa, avel\u00e3, coco queimado e uva branca<\/p>\n<p>\u2022 Sem gl\u00faten<br \/>\n\u2022 Sem leite<br \/>\n\u2022 Vegano<br \/>\n\u2022 Feito \u00e0 m\u00e3o <\/p>\n","protected":false},"featured_media":35298,"template":"","meta":[],"product_brand":[],"product_cat":[273],"product_tag":[],"class_list":{"0":"post-35299","1":"product","2":"type-product","3":"status-publish","4":"has-post-thumbnail","6":"product_cat-tabletas","8":"first","9":"instock","10":"sold-individually","11":"shipping-taxable","12":"purchasable","13":"product-type-simple"},"_links":{"self":[{"href":"https:\/\/chocolatedailha.com.br\/novosite\/wp-json\/wp\/v2\/product\/35299","targetHints":{"allow":["GET"]}}],"collection":[{"href":"https:\/\/chocolatedailha.com.br\/novosite\/wp-json\/wp\/v2\/product"}],"about":[{"href":"https:\/\/chocolatedailha.com.br\/novosite\/wp-json\/wp\/v2\/types\/product"}],"wp:featuredmedia":[{"embeddable":true,"href":"https:\/\/chocolatedailha.com.br\/novosite\/wp-json\/wp\/v2\/media\/35298"}],"wp:attachment":[{"href":"https:\/\/chocolatedailha.com.br\/novosite\/wp-json\/wp\/v2\/media?parent=35299"}],"wp:term":[{"taxonomy":"product_brand","embeddable":true,"href":"https:\/\/chocolatedailha.com.br\/novosite\/wp-json\/wp\/v2\/product_brand?post=35299"},{"taxonomy":"product_cat","embeddable":true,"href":"https:\/\/chocolatedailha.com.br\/novosite\/wp-json\/wp\/v2\/product_cat?post=35299"},{"taxonomy":"product_tag","embeddable":true,"href":"https:\/\/chocolatedailha.com.br\/novosite\/wp-json\/wp\/v2\/product_tag?post=35299"}],"curies":[{"name":"wp","href":"https:\/\/api.w.org\/{rel}","templated":true}]}}