{"id":35326,"date":"2024-10-24T09:58:43","date_gmt":"2024-10-24T12:58:43","guid":{"rendered":"http:\/\/chocolatedailha.com.br\/novosite\/?post_type=product&#038;p=35326"},"modified":"2024-10-24T10:00:35","modified_gmt":"2024-10-24T13:00:35","slug":"drageado-castanha-de-caju-confeito-70-cacau-vegano","status":"publish","type":"product","link":"https:\/\/chocolatedailha.com.br\/novosite\/product\/drageado-castanha-de-caju-confeito-70-cacau-vegano\/","title":{"rendered":"Drageado CASTANHA DE CAJ\u00da CONFEITO 70% cacau &#8211; VEGANO"},"content":{"rendered":"","protected":false},"excerpt":{"rendered":"<p>Dr\u00e1geas de CASTANHA DE CAJ\u00da CONFEITO com chocolate 70% cacau <\/p>\n<p>\u2022 Sem Gl\u00faten<br \/>\n\u2022 Sem lactose<br \/>\n\u2022 Vegano<\/p>\n","protected":false},"featured_media":35327,"template":"","meta":[],"product_brand":[],"product_cat":[179],"product_tag":[],"class_list":{"0":"post-35326","1":"product","2":"type-product","3":"status-publish","4":"has-post-thumbnail","6":"product_cat-drageados","8":"first","9":"instock","10":"sold-individually","11":"shipping-taxable","12":"purchasable","13":"product-type-simple"},"_links":{"self":[{"href":"https:\/\/chocolatedailha.com.br\/novosite\/wp-json\/wp\/v2\/product\/35326","targetHints":{"allow":["GET"]}}],"collection":[{"href":"https:\/\/chocolatedailha.com.br\/novosite\/wp-json\/wp\/v2\/product"}],"about":[{"href":"https:\/\/chocolatedailha.com.br\/novosite\/wp-json\/wp\/v2\/types\/product"}],"wp:featuredmedia":[{"embeddable":true,"href":"https:\/\/chocolatedailha.com.br\/novosite\/wp-json\/wp\/v2\/media\/35327"}],"wp:attachment":[{"href":"https:\/\/chocolatedailha.com.br\/novosite\/wp-json\/wp\/v2\/media?parent=35326"}],"wp:term":[{"taxonomy":"product_brand","embeddable":true,"href":"https:\/\/chocolatedailha.com.br\/novosite\/wp-json\/wp\/v2\/product_brand?post=35326"},{"taxonomy":"product_cat","embeddable":true,"href":"https:\/\/chocolatedailha.com.br\/novosite\/wp-json\/wp\/v2\/product_cat?post=35326"},{"taxonomy":"product_tag","embeddable":true,"href":"https:\/\/chocolatedailha.com.br\/novosite\/wp-json\/wp\/v2\/product_tag?post=35326"}],"curies":[{"name":"wp","href":"https:\/\/api.w.org\/{rel}","templated":true}]}}