{"id":35334,"date":"2024-10-24T10:14:35","date_gmt":"2024-10-24T13:14:35","guid":{"rendered":"http:\/\/chocolatedailha.com.br\/novosite\/?post_type=product&#038;p=35334"},"modified":"2024-10-24T10:17:55","modified_gmt":"2024-10-24T13:17:55","slug":"drageado-avela-zero-acucar-50-cacau-vegano","status":"publish","type":"product","link":"https:\/\/chocolatedailha.com.br\/novosite\/product\/drageado-avela-zero-acucar-50-cacau-vegano\/","title":{"rendered":"Drageado AVEL\u00c3 ZERO AC\u00daCAR 50% cacau &#8211; VEGANO"},"content":{"rendered":"","protected":false},"excerpt":{"rendered":"<p>Dr\u00e1geas de AVEL\u00c3 ZERO AC\u00daCAR com chocolate 50% cacau &#8211; ado\u00e7ado com St\u00e9via<\/p>\n<p>\u2022 Sem Gl\u00faten<br \/>\n\u2022 Sem lactose<br \/>\n\u2022 Sem a\u00e7\u00facar<br \/>\n\u2022 Vegano<\/p>\n","protected":false},"featured_media":35335,"template":"","meta":[],"product_brand":[],"product_cat":[179],"product_tag":[],"class_list":{"0":"post-35334","1":"product","2":"type-product","3":"status-publish","4":"has-post-thumbnail","6":"product_cat-drageados","8":"first","9":"instock","10":"sold-individually","11":"shipping-taxable","12":"purchasable","13":"product-type-simple"},"_links":{"self":[{"href":"https:\/\/chocolatedailha.com.br\/novosite\/wp-json\/wp\/v2\/product\/35334","targetHints":{"allow":["GET"]}}],"collection":[{"href":"https:\/\/chocolatedailha.com.br\/novosite\/wp-json\/wp\/v2\/product"}],"about":[{"href":"https:\/\/chocolatedailha.com.br\/novosite\/wp-json\/wp\/v2\/types\/product"}],"wp:featuredmedia":[{"embeddable":true,"href":"https:\/\/chocolatedailha.com.br\/novosite\/wp-json\/wp\/v2\/media\/35335"}],"wp:attachment":[{"href":"https:\/\/chocolatedailha.com.br\/novosite\/wp-json\/wp\/v2\/media?parent=35334"}],"wp:term":[{"taxonomy":"product_brand","embeddable":true,"href":"https:\/\/chocolatedailha.com.br\/novosite\/wp-json\/wp\/v2\/product_brand?post=35334"},{"taxonomy":"product_cat","embeddable":true,"href":"https:\/\/chocolatedailha.com.br\/novosite\/wp-json\/wp\/v2\/product_cat?post=35334"},{"taxonomy":"product_tag","embeddable":true,"href":"https:\/\/chocolatedailha.com.br\/novosite\/wp-json\/wp\/v2\/product_tag?post=35334"}],"curies":[{"name":"wp","href":"https:\/\/api.w.org\/{rel}","templated":true}]}}