{"id":35361,"date":"2024-10-24T11:19:15","date_gmt":"2024-10-24T14:19:15","guid":{"rendered":"http:\/\/chocolatedailha.com.br\/novosite\/?post_type=product&#038;p=35361"},"modified":"2024-10-24T11:20:21","modified_gmt":"2024-10-24T14:20:21","slug":"drageado-amendoa-chocolate-branco-tiramisu","status":"publish","type":"product","link":"https:\/\/chocolatedailha.com.br\/novosite\/product\/drageado-amendoa-chocolate-branco-tiramisu\/","title":{"rendered":"Drageado   AM\u00caNDOA &#8211; CHOCOLATE BRANCO- TIRAMIS\u00d9"},"content":{"rendered":"","protected":false},"excerpt":{"rendered":"<p>Dr\u00e1geas de AM\u00caNDOA &#8211; CHOCOLATE BRANCO- TIRAMIS\u00d9 <\/p>\n<p>\u2022 Sem Gl\u00faten<br \/>\n\u2022 Cont\u00e9m lactose<\/p>\n","protected":false},"featured_media":35357,"template":"","meta":[],"product_brand":[],"product_cat":[179],"product_tag":[],"class_list":{"0":"post-35361","1":"product","2":"type-product","3":"status-publish","4":"has-post-thumbnail","6":"product_cat-drageados","8":"first","9":"instock","10":"sold-individually","11":"shipping-taxable","12":"purchasable","13":"product-type-simple"},"_links":{"self":[{"href":"https:\/\/chocolatedailha.com.br\/novosite\/wp-json\/wp\/v2\/product\/35361","targetHints":{"allow":["GET"]}}],"collection":[{"href":"https:\/\/chocolatedailha.com.br\/novosite\/wp-json\/wp\/v2\/product"}],"about":[{"href":"https:\/\/chocolatedailha.com.br\/novosite\/wp-json\/wp\/v2\/types\/product"}],"wp:featuredmedia":[{"embeddable":true,"href":"https:\/\/chocolatedailha.com.br\/novosite\/wp-json\/wp\/v2\/media\/35357"}],"wp:attachment":[{"href":"https:\/\/chocolatedailha.com.br\/novosite\/wp-json\/wp\/v2\/media?parent=35361"}],"wp:term":[{"taxonomy":"product_brand","embeddable":true,"href":"https:\/\/chocolatedailha.com.br\/novosite\/wp-json\/wp\/v2\/product_brand?post=35361"},{"taxonomy":"product_cat","embeddable":true,"href":"https:\/\/chocolatedailha.com.br\/novosite\/wp-json\/wp\/v2\/product_cat?post=35361"},{"taxonomy":"product_tag","embeddable":true,"href":"https:\/\/chocolatedailha.com.br\/novosite\/wp-json\/wp\/v2\/product_tag?post=35361"}],"curies":[{"name":"wp","href":"https:\/\/api.w.org\/{rel}","templated":true}]}}